{"id":7265,"date":"2026-04-12T12:26:52","date_gmt":"2026-04-12T12:26:52","guid":{"rendered":"https:\/\/econefiltration.com\/?post_type=product&#038;p=7265"},"modified":"2026-04-26T12:54:08","modified_gmt":"2026-04-26T12:54:08","slug":"cartucho-filtrante-plisado-de-polipropileno-de-5-micras","status":"publish","type":"product","link":"https:\/\/econefiltration.com\/es\/product\/5-micron-pp-pleated-filter-cartridge\/","title":{"rendered":"Cartucho filtrante plisado de PP de 5 micras para la filtraci\u00f3n de agua"},"content":{"rendered":"<div data-elementor-type=\"wp-post\" data-elementor-id=\"7265\" class=\"elementor elementor-7265\" data-elementor-post-type=\"product\">\n\t\t\t\t<div class=\"elementor-element elementor-element-600ad8f1 e-flex e-con-boxed e-con e-parent\" data-id=\"600ad8f1\" data-element_type=\"container\" data-e-type=\"container\" data-settings=\"{&quot;background_background&quot;:&quot;classic&quot;}\">\n\t\t\t\t\t<div class=\"e-con-inner\">\n\t\t\t\t<div class=\"elementor-element elementor-element-284dc519 elementor-widget elementor-widget-breadcrumbs\" data-id=\"284dc519\" data-element_type=\"widget\" data-e-type=\"widget\" data-widget_type=\"breadcrumbs.default\">\n\t\t\t\t<div class=\"elementor-widget-container\">\n\t\t\t\t\t<nav aria-label=\"pan rallado\" class=\"rank-math-breadcrumb\"><p><span class=\"last\">Inicio<\/span><\/p><\/nav>\t\t\t\t<\/div>\n\t\t\t\t<\/div>\n\t\t<div class=\"elementor-element elementor-element-41af3f90 e-con-full e-flex e-con e-child\" data-id=\"41af3f90\" data-element_type=\"container\" data-e-type=\"container\">\n\t\t\t\t<div class=\"elementor-element elementor-element-582807a elementor-widget elementor-widget-heading\" data-id=\"582807a\" data-element_type=\"widget\" data-e-type=\"widget\" data-widget_type=\"heading.default\">\n\t\t\t\t<div class=\"elementor-widget-container\">\n\t\t\t\t\t<p class=\"elementor-heading-title elementor-size-default\">Cartucho filtrante plegado PES<\/p>\t\t\t\t<\/div>\n\t\t\t\t<\/div>\n\t\t\t\t<div class=\"elementor-element elementor-element-65cfc503 elementor-widget elementor-widget-heading\" data-id=\"65cfc503\" data-element_type=\"widget\" data-e-type=\"widget\" data-widget_type=\"heading.default\">\n\t\t\t\t<div class=\"elementor-widget-container\">\n\t\t\t\t\t<h1 class=\"elementor-heading-title elementor-size-default\">Proveedor de cartuchos de filtro plegado PES de alta calidad para su soluci\u00f3n de filtraci\u00f3n<\/h1>\t\t\t\t<\/div>\n\t\t\t\t<\/div>\n\t\t\t\t<\/div>\n\t\t\t\t\t<\/div>\n\t\t\t\t<\/div>\n\t\t<div class=\"elementor-element elementor-element-8f92d0d e-flex e-con-boxed e-con e-parent\" data-id=\"8f92d0d\" data-element_type=\"container\" data-e-type=\"container\">\n\t\t\t\t\t<div class=\"e-con-inner\">\n\t\t\t\t<div class=\"elementor-element elementor-element-9cb92a9 elementor-widget elementor-widget-text-editor\" data-id=\"9cb92a9\" data-element_type=\"widget\" data-e-type=\"widget\" data-widget_type=\"text-editor.default\">\n\t\t\t\t<div class=\"elementor-widget-container\">\n\t\t\t\t\t\t\t\t\t<h2 data-start=\"808\" data-end=\"1152\">Presentaci\u00f3n del cartucho filtrante plisado de PP de 5 micras<\/h2><p data-start=\"808\" data-end=\"1152\">En <strong data-start=\"812\" data-end=\"852\">Cartucho filtrante plisado de PP de 5 micras<\/strong> Est\u00e1 fabricado con polipropileno puro 100%, lo que garantiza una excelente resistencia qu\u00edmica y una amplia compatibilidad de aplicaci\u00f3n. Gracias a su estructura plisada, el filtro ofrece una superficie de filtraci\u00f3n considerablemente mayor en comparaci\u00f3n con los filtros de profundidad est\u00e1ndar, lo que se traduce en caudales m\u00e1s elevados y una vida \u00fatil m\u00e1s prolongada.<\/p><p data-start=\"1154\" data-end=\"1348\">Se utiliza ampliamente en <strong data-start=\"1175\" data-end=\"1202\">sistemas de tratamiento de agua<\/strong>, <strong data-start=\"1204\" data-end=\"1225\">Prefiltraci\u00f3n por \u00f3smosis inversa<\/strong>, <strong data-start=\"1227\" data-end=\"1266\">filtraci\u00f3n de agua para procesos industriales<\/strong>, y otras aplicaciones cr\u00edticas que requieren una eliminaci\u00f3n estable y eficiente de part\u00edculas.<\/p>\t\t\t\t\t\t\t\t<\/div>\n\t\t\t\t<\/div>\n\t\t\t\t\t<\/div>\n\t\t\t\t<\/div>\n\t\t<div class=\"elementor-element elementor-element-5670118 e-flex e-con-boxed e-con e-parent\" data-id=\"5670118\" data-element_type=\"container\" data-e-type=\"container\">\n\t\t\t\t\t<div class=\"e-con-inner\">\n\t\t<div class=\"elementor-element elementor-element-3eb608c e-con-full e-flex e-con e-child\" data-id=\"3eb608c\" data-element_type=\"container\" data-e-type=\"container\">\n\t\t\t\t<div class=\"elementor-element elementor-element-4f221f3 elementor-widget elementor-widget-text-editor\" data-id=\"4f221f3\" data-element_type=\"widget\" data-e-type=\"widget\" data-widget_type=\"text-editor.default\">\n\t\t\t\t<div class=\"elementor-widget-container\">\n\t\t\t\t\t\t\t\t\t<h2 data-section-id=\"17fvu7l\" data-start=\"1355\" data-end=\"1373\">\ud83d\udfd4 Caracter\u00edsticas principales<\/h2><h3 data-section-id=\"18v439v\" data-start=\"1375\" data-end=\"1407\">\u2714 Alta eficiencia de filtraci\u00f3n<\/h3><p data-start=\"1408\" data-end=\"1547\">Este cartucho ofrece <strong data-start=\"1430\" data-end=\"1463\">Filtraci\u00f3n de precisi\u00f3n de 5 micras<\/strong>, eliminando eficazmente los s\u00f3lidos en suspensi\u00f3n, las part\u00edculas, el \u00f3xido y las impurezas del agua.<\/p><h3 data-section-id=\"1kdch34\" data-start=\"1549\" data-end=\"1576\">\u2714 Amplia superficie de filtraci\u00f3n<\/h3><p data-start=\"1577\" data-end=\"1703\">El dise\u00f1o plisado aumenta la superficie efectiva de filtraci\u00f3n, lo que permite <strong data-start=\"1653\" data-end=\"1702\">caudales m\u00e1s elevados y ciclos de funcionamiento m\u00e1s largos<\/strong>.<\/p><h3 data-section-id=\"f5p78c\" data-start=\"1705\" data-end=\"1743\">\u2714 Excelente compatibilidad qu\u00edmica<\/h3><p data-start=\"1744\" data-end=\"1879\">Hecho de <strong data-start=\"1754\" data-end=\"1776\">Polipropileno 100%<\/strong>, es resistente a una amplia gama de productos qu\u00edmicos, lo que lo hace adecuado para diversos entornos industriales.<\/p><h3 data-section-id=\"1bdc2yy\" data-start=\"1881\" data-end=\"1904\">\u2714 Baja ca\u00edda de presi\u00f3n<\/h3><p data-start=\"1905\" data-end=\"2017\">La estructura optimizada garantiza <strong data-start=\"1933\" data-end=\"1955\">resistencia m\u00ednima<\/strong>, mejorando la eficiencia del sistema y reduciendo el consumo de energ\u00eda.<\/p><h3 data-section-id=\"1ij4nnn\" data-start=\"2019\" data-end=\"2042\">\u2714 Larga vida \u00fatil<\/h3><p data-start=\"2043\" data-end=\"2135\">Su elevada capacidad de retenci\u00f3n de suciedad reduce la frecuencia de sustituci\u00f3n, lo que disminuye los costos de mantenimiento.<\/p>\t\t\t\t\t\t\t\t<\/div>\n\t\t\t\t<\/div>\n\t\t\t\t<\/div>\n\t\t<div class=\"elementor-element elementor-element-c51b2b4 e-con-full e-flex e-con e-child\" data-id=\"c51b2b4\" data-element_type=\"container\" data-e-type=\"container\">\n\t\t\t\t<div class=\"elementor-element elementor-element-7c23e42 elementor-widget elementor-widget-image\" data-id=\"7c23e42\" data-element_type=\"widget\" data-e-type=\"widget\" data-widget_type=\"image.default\">\n\t\t\t\t<div class=\"elementor-widget-container\">\n\t\t\t\t\t\t\t\t\t\t\t\t<figure class=\"wp-caption\">\n\t\t\t\t\t\t\t\t\t\t<img fetchpriority=\"high\" decoding=\"async\" width=\"550\" height=\"550\" src=\"https:\/\/econefiltration.com\/wp-content\/uploads\/2025\/09\/water-Filter-End-Caps-types.jpeg\" class=\"attachment-large size-large wp-image-4288\" alt=\"Cartucho filtrante de PTFE hidr\u00f3filo para filtraci\u00f3n de l\u00edquidos\" srcset=\"https:\/\/econefiltration.com\/wp-content\/uploads\/2025\/09\/water-Filter-End-Caps-types.jpeg 550w, https:\/\/econefiltration.com\/wp-content\/uploads\/2025\/09\/water-Filter-End-Caps-types-300x300.jpeg 300w, https:\/\/econefiltration.com\/wp-content\/uploads\/2025\/09\/water-Filter-End-Caps-types-100x100.jpeg 100w, https:\/\/econefiltration.com\/wp-content\/uploads\/2025\/09\/water-Filter-End-Caps-types-150x150.jpeg 150w, https:\/\/econefiltration.com\/wp-content\/uploads\/2025\/09\/water-Filter-End-Caps-types-12x12.jpeg 12w\" sizes=\"(max-width: 550px) 100vw, 550px\" \/>\t\t\t\t\t\t\t\t\t\t\t<figcaption class=\"widget-image-caption wp-caption-text\">Tapas para cartuchos de filtro plisados<\/figcaption>\n\t\t\t\t\t\t\t\t\t\t<\/figure>\n\t\t\t\t\t\t\t\t\t<\/div>\n\t\t\t\t<\/div>\n\t\t\t\t<\/div>\n\t\t\t\t\t<\/div>\n\t\t\t\t<\/div>\n\t\t<div class=\"elementor-element elementor-element-4b9a334 e-flex e-con-boxed e-con e-parent\" data-id=\"4b9a334\" data-element_type=\"container\" data-e-type=\"container\">\n\t\t\t\t\t<div class=\"e-con-inner\">\n\t\t\t\t<div class=\"elementor-element elementor-element-d40a040 elementor-widget elementor-widget-text-editor\" data-id=\"d40a040\" data-element_type=\"widget\" data-e-type=\"widget\" data-widget_type=\"text-editor.default\">\n\t\t\t\t<div class=\"elementor-widget-container\">\n\t\t\t\t\t\t\t\t\t<h2 data-section-id=\"x1lo0s\" data-start=\"2142\" data-end=\"2172\"><img decoding=\"async\" draggable=\"false\" role=\"img\" class=\"emoji\" alt=\"\ud83d\udd39\" src=\"https:\/\/s.w.org\/images\/core\/emoji\/17.0.2\/svg\/1f539.svg\"> Especificaciones t\u00e9cnicas&nbsp;<\/h2>\n<div class=\"TyagGW_tableContainer\">\n<div class=\"group TyagGW_tableWrapper flex flex-col-reverse w-fit\" tabindex=\"-1\">\n<table class=\"w-fit min-w-(--thread-content-width)\" data-start=\"2174\" data-end=\"2550\">\n<thead data-start=\"2174\" data-end=\"2203\">\n<tr data-start=\"2174\" data-end=\"2203\">\n<th class=\"\" data-start=\"2174\" data-end=\"2186\" data-col-size=\"sm\">Par\u00e1metro<\/th>\n<th class=\"\" data-start=\"2186\" data-end=\"2203\" data-col-size=\"sm\">Especificaci\u00f3n<\/th>\n<\/tr>\n<\/thead>\n<tbody data-start=\"2231\" data-end=\"2550\">\n<tr data-start=\"2231\" data-end=\"2268\">\n<td data-start=\"2231\" data-end=\"2246\" data-col-size=\"sm\">Medio filtrante<\/td>\n<td data-start=\"2246\" data-end=\"2268\" data-col-size=\"sm\">Polipropileno (PP)<\/td>\n<\/tr>\n<tr data-start=\"2269\" data-end=\"2301\">\n<td data-start=\"2269\" data-end=\"2289\" data-col-size=\"sm\">Grado de filtraci\u00f3n<\/td>\n<td data-start=\"2289\" data-end=\"2301\" data-col-size=\"sm\">5 micras<\/td>\n<\/tr>\n<tr data-start=\"2302\" data-end=\"2348\">\n<td data-start=\"2302\" data-end=\"2311\" data-col-size=\"sm\">Longitud<\/td>\n<td data-start=\"2311\" data-end=\"2348\" data-col-size=\"sm\">10\u2033, 20\u2033, 30\u2033, 40\u2033 (personalizable)<\/td>\n<\/tr>\n<tr data-start=\"2349\" data-end=\"2374\">\n<td data-start=\"2349\" data-end=\"2366\" data-col-size=\"sm\">Di\u00e1metro exterior<\/td>\n<td data-start=\"2366\" data-end=\"2374\" data-col-size=\"sm\">68 mm<\/td>\n<\/tr>\n<tr data-start=\"2375\" data-end=\"2400\">\n<td data-start=\"2375\" data-end=\"2392\" data-col-size=\"sm\">Di\u00e1metro interior<\/td>\n<td data-start=\"2392\" data-end=\"2400\" data-col-size=\"sm\">28 mm<\/td>\n<\/tr>\n<tr data-start=\"2401\" data-end=\"2441\">\n<td data-start=\"2401\" data-end=\"2416\" data-col-size=\"sm\">Tipo de tapa<\/td>\n<td data-start=\"2416\" data-end=\"2441\" data-col-size=\"sm\">DOE, 222\/226 con aleta<\/td>\n<\/tr>\n<tr data-start=\"2442\" data-end=\"2478\">\n<td data-start=\"2442\" data-end=\"2470\" data-col-size=\"sm\">Temperatura m\u00e1xima de funcionamiento<\/td>\n<td data-start=\"2470\" data-end=\"2478\" data-col-size=\"sm\">80\u00b0C<\/td>\n<\/tr>\n<tr data-start=\"2479\" data-end=\"2510\">\n<td data-start=\"2479\" data-end=\"2499\" data-col-size=\"sm\">Ca\u00edda de presi\u00f3n m\u00e1xima<\/td>\n<td data-start=\"2499\" data-end=\"2510\" data-col-size=\"sm\">4,0 bar<\/td>\n<\/tr>\n<tr data-start=\"2511\" data-end=\"2550\">\n<td data-start=\"2511\" data-end=\"2539\" data-col-size=\"sm\">\u0394P recomendado para el cambio<\/td>\n<td data-start=\"2539\" data-end=\"2550\" data-col-size=\"sm\">2,4 bar<\/td>\n<\/tr>\n<\/tbody>\n<\/table>\n<\/div>\n<\/div>\n<hr data-start=\"2552\" data-end=\"2555\">\n<h2 data-section-id=\"15du31k\" data-start=\"2557\" data-end=\"2575\"><img decoding=\"async\" draggable=\"false\" role=\"img\" class=\"emoji\" alt=\"\ud83d\udd39\" src=\"https:\/\/s.w.org\/images\/core\/emoji\/17.0.2\/svg\/1f539.svg\"> Aplicaciones&nbsp;<span style=\"font-size: 1.875rem; font-style: inherit;\">Cartucho filtrante plisado de PP de 5 micras<\/span><\/h2>\n<ul data-start=\"2577\" data-end=\"2762\">\n<li data-section-id=\"afmq5r\" data-start=\"2577\" data-end=\"2604\">Sistemas de tratamiento del agua<\/li>\n<li data-section-id=\"17o5fg1\" data-start=\"2605\" data-end=\"2644\">Prefiltraci\u00f3n por \u00f3smosis inversa (RO)<\/li>\n<li data-section-id=\"1b6c99v\" data-start=\"2645\" data-end=\"2673\">Industria alimentaria<\/li>\n<li data-section-id=\"1gwqd47\" data-start=\"2674\" data-end=\"2697\">Procesado qu\u00edmico<\/li>\n<li data-section-id=\"6vqhpw\" data-start=\"2698\" data-end=\"2732\">Electr\u00f3nica y microelectr\u00f3nica<\/li>\n<li data-section-id=\"1uz3k5v\" data-start=\"2733\" data-end=\"2762\">Sistemas de agua para centrales el\u00e9ctricas<\/li>\n<\/ul>\n<hr data-start=\"2764\" data-end=\"2767\">\n<h2 data-section-id=\"1p5tulu\" data-start=\"2769\" data-end=\"2793\"><img decoding=\"async\" draggable=\"false\" role=\"img\" class=\"emoji\" alt=\"\ud83d\udd39\" src=\"https:\/\/s.w.org\/images\/core\/emoji\/17.0.2\/svg\/1f539.svg\"> Ventajas del producto<\/h2>\n<ul data-start=\"2795\" data-end=\"3036\">\n<li data-section-id=\"182rx2z\" data-start=\"2795\" data-end=\"2845\">Una alternativa rentable a los filtros de membrana<\/li>\n<li data-section-id=\"5wkz8b\" data-start=\"2846\" data-end=\"2894\">Alto caudal con un rendimiento de filtraci\u00f3n estable<\/li>\n<li data-section-id=\"i5wf34\" data-start=\"2895\" data-end=\"2944\">Compatible con la mayor\u00eda de los carcasas de filtro est\u00e1ndar<\/li>\n<li data-section-id=\"1h7ooa1\" data-start=\"2945\" data-end=\"2998\">No se desprenden fibras, apto para aplicaciones cr\u00edticas<\/li>\n<li data-section-id=\"1l42fwv\" data-start=\"2999\" data-end=\"3036\">F\u00e1cil instalaci\u00f3n y sustituci\u00f3n<\/li>\n<\/ul>\n<hr data-start=\"3038\" data-end=\"3041\">\n<h2 data-section-id=\"xpr2ky\" data-start=\"3043\" data-end=\"3072\"><img decoding=\"async\" draggable=\"false\" role=\"img\" class=\"emoji\" alt=\"\ud83d\udd39\" src=\"https:\/\/s.w.org\/images\/core\/emoji\/17.0.2\/svg\/1f539.svg\"> Calidad y certificaci\u00f3n<\/h2>\n<p data-start=\"3074\" data-end=\"3201\">Nuestros cartuchos filtrantes plisados de PP se fabrican bajo estrictos sistemas de control de calidad y cumplen con las normas internacionales:<\/p>\n<ul data-start=\"3203\" data-end=\"3323\">\n<li data-section-id=\"1wr0jq4\" data-start=\"3203\" data-end=\"3230\">Materiales que cumplen con las normas de la FDA<\/li>\n<li data-section-id=\"11utd4q\" data-start=\"3231\" data-end=\"3262\">Fabricaci\u00f3n con certificaci\u00f3n ISO<\/li>\n<li data-section-id=\"1plmwuc\" data-start=\"3263\" data-end=\"3323\">Rigorosas pruebas de integridad y rendimiento antes de la entrega<\/li>\n<\/ul>\n<hr data-start=\"3325\" data-end=\"3328\">\n<h2 data-section-id=\"jnwq5d\" data-start=\"3330\" data-end=\"3357\"><img decoding=\"async\" draggable=\"false\" role=\"img\" class=\"emoji\" alt=\"\ud83d\udd39\" src=\"https:\/\/s.w.org\/images\/core\/emoji\/17.0.2\/svg\/1f539.svg\"> Servicio de personalizaci\u00f3n<\/h2>\n<p data-start=\"3359\" data-end=\"3397\">Ofrecemos personalizaci\u00f3n completa OEM\/ODM:<\/p>\n<ul data-start=\"3399\" data-end=\"3537\">\n<li data-section-id=\"1k5da3w\" data-start=\"3399\" data-end=\"3431\">Rango de micras: 0,1 \u03bcm \u2013 100 \u03bcm<\/li>\n<li data-section-id=\"1r5t8a0\" data-start=\"3432\" data-end=\"3467\">Personalizaci\u00f3n de la longitud y el di\u00e1metro<\/li>\n<li data-section-id=\"1wrm3l9\" data-start=\"3468\" data-end=\"3512\">Tipos de tapas de extremo (DOE \/ 222 \/ 226 \/ otros)<\/li>\n<li data-section-id=\"1tm2oyy\" data-start=\"3513\" data-end=\"3537\">Empaque y marca<\/li>\n<\/ul>\n<hr data-start=\"3539\" data-end=\"3542\">\n<h2 data-section-id=\"1lo1spo\" data-start=\"3544\" data-end=\"3563\"><img decoding=\"async\" draggable=\"false\" role=\"img\" class=\"emoji\" alt=\"\ud83d\udd39\" src=\"https:\/\/s.w.org\/images\/core\/emoji\/17.0.2\/svg\/1f539.svg\"> \u00bfPor qu\u00e9 elegirnos?<\/h2>\n<ul data-start=\"3565\" data-end=\"3767\">\n<li data-section-id=\"1w0ml30\" data-start=\"3565\" data-end=\"3608\">Directamente de f\u00e1brica con precios competitivos<\/li>\n<li data-section-id=\"m9gt8n\" data-start=\"3609\" data-end=\"3658\">Amplia experiencia en exportaciones en el sector de la filtraci\u00f3n<\/li>\n<li data-section-id=\"xwss9r\" data-start=\"3659\" data-end=\"3695\">Calidad constante y entrega r\u00e1pida<\/li>\n<li data-section-id=\"1ab83wf\" data-start=\"3696\" data-end=\"3730\">Asistencia t\u00e9cnica profesional<\/li>\n<li data-section-id=\"l7tz4a\" data-start=\"3731\" data-end=\"3767\">Soluciones de personalizaci\u00f3n flexibles<\/li>\n<\/ul>\n<hr data-start=\"3769\" data-end=\"3772\">\n<h2 data-section-id=\"i2dnya\" data-start=\"3774\" data-end=\"3805\"><img decoding=\"async\" draggable=\"false\" role=\"img\" class=\"emoji\" alt=\"\ud83d\udd39\" src=\"https:\/\/s.w.org\/images\/core\/emoji\/17.0.2\/svg\/1f539.svg\"> Llamada a la acci\u00f3n<\/h2>\n<p data-start=\"3807\" data-end=\"3957\"><img decoding=\"async\" draggable=\"false\" role=\"img\" class=\"emoji\" alt=\"\ud83d\udc49\" src=\"https:\/\/s.w.org\/images\/core\/emoji\/17.0.2\/svg\/1f449.svg\"> Buscando un <strong data-start=\"3833\" data-end=\"3882\">Proveedor de cartuchos filtrantes plisados de PP de 5 micras<\/strong>?<br data-start=\"3883\" data-end=\"3886\">P\u00f3ngase en contacto con nosotros hoy mismo para <strong data-start=\"3907\" data-end=\"3956\">Muestras gratuitas, hojas de datos y precios de f\u00e1brica<\/strong>!<\/p>\t\t\t\t\t\t\t\t<\/div>\n\t\t\t\t<\/div>\n\t\t\t\t\t<\/div>\n\t\t\t\t<\/div>\n\t\t\t\t<\/div>","protected":false},"featured_media":3063,"template":"","meta":{"site-sidebar-layout":"no-sidebar","site-content-layout":"","ast-site-content-layout":"full-width-container","site-content-style":"default","site-sidebar-style":"default","ast-global-header-display":"","ast-banner-title-visibility":"","ast-main-header-display":"","ast-hfb-above-header-display":"","ast-hfb-below-header-display":"","ast-hfb-mobile-header-display":"","site-post-title":"","ast-breadcrumbs-content":"","ast-featured-img":"disabled","footer-sml-layout":"","ast-disable-related-posts":"","theme-transparent-header-meta":"default","adv-header-id-meta":"","stick-header-meta":"","header-above-stick-meta":"","header-main-stick-meta":"","header-below-stick-meta":"","astra-migrate-meta-layouts":"set","ast-page-background-enabled":"default","ast-page-background-meta":{"desktop":{"background-color":"var(--ast-global-color-5)","background-image":"","background-repeat":"repeat","background-position":"center center","background-size":"auto","background-attachment":"scroll","background-type":"","background-media":"","overlay-type":"","overlay-color":"","overlay-opacity":"","overlay-gradient":""},"tablet":{"background-color":"","background-image":"","background-repeat":"repeat","background-position":"center center","background-size":"auto","background-attachment":"scroll","background-type":"","background-media":"","overlay-type":"","overlay-color":"","overlay-opacity":"","overlay-gradient":""},"mobile":{"background-color":"","background-image":"","background-repeat":"repeat","background-position":"center center","background-size":"auto","background-attachment":"scroll","background-type":"","background-media":"","overlay-type":"","overlay-color":"","overlay-opacity":"","overlay-gradient":""}},"ast-content-background-meta":{"desktop":{"background-color":"var(--ast-global-color-4)","background-image":"","background-repeat":"repeat","background-position":"center center","background-size":"auto","background-attachment":"scroll","background-type":"","background-media":"","overlay-type":"","overlay-color":"","overlay-opacity":"","overlay-gradient":""},"tablet":{"background-color":"var(--ast-global-color-4)","background-image":"","background-repeat":"repeat","background-position":"center center","background-size":"auto","background-attachment":"scroll","background-type":"","background-media":"","overlay-type":"","overlay-color":"","overlay-opacity":"","overlay-gradient":""},"mobile":{"background-color":"var(--ast-global-color-4)","background-image":"","background-repeat":"repeat","background-position":"center center","background-size":"auto","background-attachment":"scroll","background-type":"","background-media":"","overlay-type":"","overlay-color":"","overlay-opacity":"","overlay-gradient":""}}},"product-category":[],"class_list":["post-7265","product","type-product","status-publish","has-post-thumbnail","hentry"],"_links":{"self":[{"href":"https:\/\/econefiltration.com\/es\/wp-json\/wp\/v2\/product\/7265","targetHints":{"allow":["GET"]}}],"collection":[{"href":"https:\/\/econefiltration.com\/es\/wp-json\/wp\/v2\/product"}],"about":[{"href":"https:\/\/econefiltration.com\/es\/wp-json\/wp\/v2\/types\/product"}],"version-history":[{"count":36,"href":"https:\/\/econefiltration.com\/es\/wp-json\/wp\/v2\/product\/7265\/revisions"}],"predecessor-version":[{"id":7370,"href":"https:\/\/econefiltration.com\/es\/wp-json\/wp\/v2\/product\/7265\/revisions\/7370"}],"wp:featuredmedia":[{"embeddable":true,"href":"https:\/\/econefiltration.com\/es\/wp-json\/wp\/v2\/media\/3063"}],"wp:attachment":[{"href":"https:\/\/econefiltration.com\/es\/wp-json\/wp\/v2\/media?parent=7265"}],"wp:term":[{"taxonomy":"product-category","embeddable":true,"href":"https:\/\/econefiltration.com\/es\/wp-json\/wp\/v2\/product-category?post=7265"}],"curies":[{"name":"wp","href":"https:\/\/api.w.org\/{rel}","templated":true}]}}